{"id":2854,"date":"2022-12-02T14:11:02","date_gmt":"2022-12-02T13:11:02","guid":{"rendered":"https:\/\/www.lesfermiers.com\/?page_id=2854"},"modified":"2022-12-02T14:25:06","modified_gmt":"2022-12-02T13:25:06","slug":"ekosystem-la-ferme","status":"publish","type":"page","link":"https:\/\/www.lesfermiers.com\/en\/ekosystem-la-ferme\/","title":{"rendered":"Ekosystem \u2013 La Ferme"},"content":{"rendered":"<div class=\"wpb-content-wrapper\">[vc_row][vc_column][vc_single_image image=&#8221;2866&#8243; img_size=&#8221;large&#8221; alignment=&#8221;center&#8221;][vc_column_text]\r\n<h1 style=\"text-align: center;\">L&#8217;h\u00f4tel Restaurant La Ferme \u00e9volue!<\/h1>\r\n<h2 style=\"text-align: center;\"><span style=\"font-size: 14pt;\">Les Fermiers s&#8217;engagent<\/span><\/h2>\r\n<p style=\"text-align: center;\"><span style=\"font-size: 10pt;\">L&#8217;h\u00f4tel restaurant La Ferme \u00e0 la Clusaz est soucieux de r\u00e9duire son impact et voit les choses en grand!<\/span><\/p>\r\n<p style=\"text-align: center;\"><span style=\"font-size: 10pt;\"><a href=\"https:\/\/www.ekosystem.fr\/\" target=\"_blank\" rel=\"noopener\">Un projet de permaculture port\u00e9 par Ekosystem!<\/a><\/span><\/p>\r\n<p style=\"text-align: center;\"><span style=\"font-size: 10pt;\">Parce qu&#8217;il est important pour les Fermiers de vous servir des produits locaux et de saison toute<\/span>\r\n<span style=\"font-size: 10pt;\">l&#8217;ann\u00e9e, ce projet n&#8217;est que la suite logique pour s&#8217;inscrire dans une d\u00e9marche plus respectueuse de<\/span>\r\n<span style=\"font-size: 10pt;\">l&#8217;environnement et de l&#8217;humain.<\/span>\r\n<span style=\"font-size: 10pt;\">Tout autour de l&#8217;h\u00f4tel restaurant, des zones cultivables seront construites. Un parcours p\u00e9dagogique<\/span>\r\n<span style=\"font-size: 10pt;\">sera \u00e9galement mis \u00e0 la disposition des petits comme des grands. Le but ? Sensibiliser \u00e0 la richesse<\/span>\r\n<span style=\"font-size: 10pt;\">des plantes et \u00e0 la d\u00e9marche des Fermiers.<\/span><\/p>\r\n\r\n<h2><\/h2>\r\n<h2 style=\"text-align: center;\"><span style=\"font-size: 14pt;\">Rien ne se perd, tout se transforme \u00e0 l&#8217;H\u00f4tel Restaurant<\/span><\/h2>\r\n<p style=\"text-align: center;\"><span style=\"font-size: 10pt;\">Qui dit cuisine dit petits plats mijot\u00e9s. Rien de tel que d&#8217;avoir ses propres jardini\u00e8res dans lesquelles<\/span>\r\n<span style=\"font-size: 10pt;\">les aromates seront cultiv\u00e9s pour assaisonner <a href=\"https:\/\/www.lesfermiers.com\/wp-content\/uploads\/2022\/10\/Menu-hiver23.pdf\" target=\"_blank\" rel=\"noopener\">les plats pr\u00e9f\u00e9r\u00e9s des Fermiers<\/a>.<\/span><\/p>\r\n<p style=\"text-align: center;\"><span style=\"font-size: 10pt;\">Toujours dans une d\u00e9marche d&#8217;\u00e9co-responsabilit\u00e9, les d\u00e9chets de cuisine (restes, \u00e9pluchures de fruits<\/span>\r\n<span style=\"font-size: 10pt;\">et l\u00e9gumes) seront revaloris\u00e9s gr\u00e2ce \u00e0 un compost. L&#8217;eau de pluie sera, elle aussi, r\u00e9cup\u00e9r\u00e9e via un<\/span>\r\n<span style=\"font-size: 10pt;\">syst\u00e8me de goutti\u00e8re.<\/span>\r\n<span style=\"font-size: 10pt;\">Des haies fruiti\u00e8res ainsi que des brises vent seront \u00e9galement pr\u00e9sents tout autour de la Ferme.<\/span>\r\n<span style=\"font-size: 10pt;\">Fruits de saison frais et locaux garantis \u00e0 l&#8217;h\u00f4tel restaurant La Ferme \u00e0 la Clusaz!<\/span><\/p>\r\n[\/vc_column_text][\/vc_column][\/vc_row][vc_row][vc_column][\/vc_column][\/vc_row]<\/div>","protected":false},"excerpt":{"rendered":"<p>[vc_row][vc_column][vc_single_image image=&#8221;2866&#8243; img_size=&#8221;large&#8221; alignment=&#8221;center&#8221;][vc_column_text] L&#8217;h\u00f4tel Restaurant La Ferme \u00e9volue! Les Fermiers s&#8217;engagent L&#8217;h\u00f4tel restaurant La Ferme \u00e0 la Clusaz est soucieux de r\u00e9duire son impact et voit les choses en grand! Un projet de permaculture port\u00e9 par Ekosystem! Parce qu&#8217;il est important pour les Fermiers de vous servir des produits locaux et de saison toute<a class=\"more-link\" href=\"https:\/\/www.lesfermiers.com\/en\/ekosystem-la-ferme\/\">Read more  &#10230;<\/a><\/p>\n","protected":false},"author":1,"featured_media":0,"parent":0,"menu_order":0,"comment_status":"closed","ping_status":"closed","template":"","meta":{"_eb_attr":"","footnotes":""},"class_list":["post-2854","page","type-page","status-publish","hentry"],"translation":{"provider":"WPGlobus","version":"3.0.0","language":"en","enabled_languages":["fr","en"],"languages":{"fr":{"title":true,"content":true,"excerpt":false},"en":{"title":false,"content":false,"excerpt":false}}},"yoast_head":"<!-- This site is optimized with the Yoast SEO plugin v25.6 - https:\/\/yoast.com\/wordpress\/plugins\/seo\/ -->\n<title>Ekosystem \u2013 La Ferme - H\u00f4tel Restaurant \u00e0 la Clusaz - La Ferme - acc\u00e8s direct aux pistes de ski<\/title>\n<meta name=\"robots\" content=\"index, follow, max-snippet:-1, max-image-preview:large, max-video-preview:-1\" \/>\n<link rel=\"canonical\" href=\"https:\/\/www.lesfermiers.com\/ekosystem-la-ferme\/\" \/>\n<meta property=\"og:locale\" content=\"en_US\" \/>\n<meta property=\"og:type\" content=\"article\" \/>\n<meta property=\"og:title\" content=\"Ekosystem \u2013 La Ferme - H\u00f4tel Restaurant \u00e0 la Clusaz - La Ferme - acc\u00e8s direct aux pistes de ski\" \/>\n<meta property=\"og:url\" content=\"https:\/\/www.lesfermiers.com\/ekosystem-la-ferme\/\" \/>\n<meta property=\"og:site_name\" content=\"H\u00f4tel Restaurant \u00e0 la Clusaz - La Ferme - acc\u00e8s direct aux pistes de ski\" \/>\n<meta property=\"article:publisher\" content=\"https:\/\/www.facebook.com\/LaFerme-La-Clusaz-403102119847203\/notifications\/\" \/>\n<meta property=\"article:modified_time\" content=\"2022-12-02T13:25:06+00:00\" \/>\n<meta property=\"og:image\" content=\"https:\/\/www.lesfermiers.com\/wp-content\/uploads\/2022\/03\/hotel-restaurant-la-clusaz-3.jpg\" \/>\n\t<meta property=\"og:image:width\" content=\"1500\" \/>\n\t<meta property=\"og:image:height\" content=\"750\" \/>\n\t<meta property=\"og:image:type\" content=\"image\/jpeg\" \/>\n<meta name=\"twitter:label1\" content=\"Est. reading time\" \/>\n\t<meta name=\"twitter:data1\" content=\"1 minute\" \/>\n<script type=\"application\/ld+json\" class=\"yoast-schema-graph\">{\"@context\":\"https:\/\/schema.org\",\"@graph\":[{\"@type\":\"WebPage\",\"@id\":\"https:\/\/www.lesfermiers.com\/ekosystem-la-ferme\/\",\"url\":\"https:\/\/www.lesfermiers.com\/ekosystem-la-ferme\/\",\"name\":\"Ekosystem \u2013 La Ferme - H\u00f4tel Restaurant \u00e0 la Clusaz - La Ferme - acc\u00e8s direct aux pistes de ski\",\"isPartOf\":{\"@id\":\"https:\/\/www.lesfermiers.com\/#website\"},\"datePublished\":\"2022-12-02T13:11:02+00:00\",\"dateModified\":\"2022-12-02T13:25:06+00:00\",\"breadcrumb\":{\"@id\":\"https:\/\/www.lesfermiers.com\/ekosystem-la-ferme\/#breadcrumb\"},\"inLanguage\":\"en-US\",\"potentialAction\":[{\"@type\":\"ReadAction\",\"target\":[\"https:\/\/www.lesfermiers.com\/ekosystem-la-ferme\/\"]}]},{\"@type\":\"BreadcrumbList\",\"@id\":\"https:\/\/www.lesfermiers.com\/ekosystem-la-ferme\/#breadcrumb\",\"itemListElement\":[{\"@type\":\"ListItem\",\"position\":1,\"name\":\"Home\",\"item\":\"https:\/\/www.lesfermiers.com\/\"},{\"@type\":\"ListItem\",\"position\":2,\"name\":\"Ekosystem \u2013 La Ferme\"}]},{\"@type\":\"WebSite\",\"@id\":\"https:\/\/www.lesfermiers.com\/#website\",\"url\":\"https:\/\/www.lesfermiers.com\/\",\"name\":\"H\u00f4tel Restaurant \u00e0 la Clusaz - La Ferme - acc\u00e8s direct aux pistes de ski\",\"description\":\"\",\"publisher\":{\"@id\":\"https:\/\/www.lesfermiers.com\/#organization\"},\"potentialAction\":[{\"@type\":\"SearchAction\",\"target\":{\"@type\":\"EntryPoint\",\"urlTemplate\":\"https:\/\/www.lesfermiers.com\/?s={search_term_string}\"},\"query-input\":{\"@type\":\"PropertyValueSpecification\",\"valueRequired\":true,\"valueName\":\"search_term_string\"}}],\"inLanguage\":\"en-US\"},{\"@type\":\"Organization\",\"@id\":\"https:\/\/www.lesfermiers.com\/#organization\",\"name\":\"H\u00f4tel Restaurant \u00e0 la Clusaz - La Ferme - acc\u00e8s direct aux pistes de ski\",\"url\":\"https:\/\/www.lesfermiers.com\/\",\"logo\":{\"@type\":\"ImageObject\",\"inLanguage\":\"en-US\",\"@id\":\"https:\/\/www.lesfermiers.com\/#\/schema\/logo\/image\/\",\"url\":\"https:\/\/www.lesfermiers.com\/wp-content\/uploads\/2021\/12\/cropped-cropped-LaFerme_LogoTampon.webp\",\"contentUrl\":\"https:\/\/www.lesfermiers.com\/wp-content\/uploads\/2021\/12\/cropped-cropped-LaFerme_LogoTampon.webp\",\"width\":512,\"height\":512,\"caption\":\"H\u00f4tel Restaurant \u00e0 la Clusaz - La Ferme - acc\u00e8s direct aux pistes de ski\"},\"image\":{\"@id\":\"https:\/\/www.lesfermiers.com\/#\/schema\/logo\/image\/\"},\"sameAs\":[\"https:\/\/www.facebook.com\/LaFerme-La-Clusaz-403102119847203\/notifications\/\",\"https:\/\/www.instagram.com\/lafermelaclusaz\/\"]}]}<\/script>\n<!-- \/ Yoast SEO plugin. -->","yoast_head_json":{"title":"Ekosystem \u2013 La Ferme - H\u00f4tel Restaurant \u00e0 la Clusaz - La Ferme - acc\u00e8s direct aux pistes de ski","robots":{"index":"index","follow":"follow","max-snippet":"max-snippet:-1","max-image-preview":"max-image-preview:large","max-video-preview":"max-video-preview:-1"},"canonical":"https:\/\/www.lesfermiers.com\/ekosystem-la-ferme\/","og_locale":"en_US","og_type":"article","og_title":"Ekosystem \u2013 La Ferme - H\u00f4tel Restaurant \u00e0 la Clusaz - La Ferme - acc\u00e8s direct aux pistes de ski","og_url":"https:\/\/www.lesfermiers.com\/ekosystem-la-ferme\/","og_site_name":"H\u00f4tel Restaurant \u00e0 la Clusaz - La Ferme - acc\u00e8s direct aux pistes de ski","article_publisher":"https:\/\/www.facebook.com\/LaFerme-La-Clusaz-403102119847203\/notifications\/","article_modified_time":"2022-12-02T13:25:06+00:00","og_image":[{"width":1500,"height":750,"url":"https:\/\/www.lesfermiers.com\/wp-content\/uploads\/2022\/03\/hotel-restaurant-la-clusaz-3.jpg","type":"image\/jpeg"}],"twitter_misc":{"Est. reading time":"1 minute"},"schema":{"@context":"https:\/\/schema.org","@graph":[{"@type":"WebPage","@id":"https:\/\/www.lesfermiers.com\/ekosystem-la-ferme\/","url":"https:\/\/www.lesfermiers.com\/ekosystem-la-ferme\/","name":"Ekosystem \u2013 La Ferme - H\u00f4tel Restaurant \u00e0 la Clusaz - La Ferme - acc\u00e8s direct aux pistes de ski","isPartOf":{"@id":"https:\/\/www.lesfermiers.com\/#website"},"datePublished":"2022-12-02T13:11:02+00:00","dateModified":"2022-12-02T13:25:06+00:00","breadcrumb":{"@id":"https:\/\/www.lesfermiers.com\/ekosystem-la-ferme\/#breadcrumb"},"inLanguage":"en-US","potentialAction":[{"@type":"ReadAction","target":["https:\/\/www.lesfermiers.com\/ekosystem-la-ferme\/"]}]},{"@type":"BreadcrumbList","@id":"https:\/\/www.lesfermiers.com\/ekosystem-la-ferme\/#breadcrumb","itemListElement":[{"@type":"ListItem","position":1,"name":"Home","item":"https:\/\/www.lesfermiers.com\/"},{"@type":"ListItem","position":2,"name":"Ekosystem \u2013 La Ferme"}]},{"@type":"WebSite","@id":"https:\/\/www.lesfermiers.com\/#website","url":"https:\/\/www.lesfermiers.com\/","name":"H\u00f4tel Restaurant \u00e0 la Clusaz - La Ferme - acc\u00e8s direct aux pistes de ski","description":"","publisher":{"@id":"https:\/\/www.lesfermiers.com\/#organization"},"potentialAction":[{"@type":"SearchAction","target":{"@type":"EntryPoint","urlTemplate":"https:\/\/www.lesfermiers.com\/?s={search_term_string}"},"query-input":{"@type":"PropertyValueSpecification","valueRequired":true,"valueName":"search_term_string"}}],"inLanguage":"en-US"},{"@type":"Organization","@id":"https:\/\/www.lesfermiers.com\/#organization","name":"H\u00f4tel Restaurant \u00e0 la Clusaz - La Ferme - acc\u00e8s direct aux pistes de ski","url":"https:\/\/www.lesfermiers.com\/","logo":{"@type":"ImageObject","inLanguage":"en-US","@id":"https:\/\/www.lesfermiers.com\/#\/schema\/logo\/image\/","url":"https:\/\/www.lesfermiers.com\/wp-content\/uploads\/2021\/12\/cropped-cropped-LaFerme_LogoTampon.webp","contentUrl":"https:\/\/www.lesfermiers.com\/wp-content\/uploads\/2021\/12\/cropped-cropped-LaFerme_LogoTampon.webp","width":512,"height":512,"caption":"H\u00f4tel Restaurant \u00e0 la Clusaz - La Ferme - acc\u00e8s direct aux pistes de ski"},"image":{"@id":"https:\/\/www.lesfermiers.com\/#\/schema\/logo\/image\/"},"sameAs":["https:\/\/www.facebook.com\/LaFerme-La-Clusaz-403102119847203\/notifications\/","https:\/\/www.instagram.com\/lafermelaclusaz\/"]}]}},"_links":{"self":[{"href":"https:\/\/www.lesfermiers.com\/en\/wp-json\/wp\/v2\/pages\/2854","targetHints":{"allow":["GET"]}}],"collection":[{"href":"https:\/\/www.lesfermiers.com\/en\/wp-json\/wp\/v2\/pages"}],"about":[{"href":"https:\/\/www.lesfermiers.com\/en\/wp-json\/wp\/v2\/types\/page"}],"author":[{"embeddable":true,"href":"https:\/\/www.lesfermiers.com\/en\/wp-json\/wp\/v2\/users\/1"}],"replies":[{"embeddable":true,"href":"https:\/\/www.lesfermiers.com\/en\/wp-json\/wp\/v2\/comments?post=2854"}],"version-history":[{"count":10,"href":"https:\/\/www.lesfermiers.com\/en\/wp-json\/wp\/v2\/pages\/2854\/revisions"}],"predecessor-version":[{"id":2856,"href":"https:\/\/www.lesfermiers.com\/en\/wp-json\/wp\/v2\/pages\/2854\/revisions\/2856"}],"wp:attachment":[{"href":"https:\/\/www.lesfermiers.com\/en\/wp-json\/wp\/v2\/media?parent=2854"}],"curies":[{"name":"wp","href":"https:\/\/api.w.org\/{rel}","templated":true}]}}